{"id":209443,"date":"2023-07-06T07:07:38","date_gmt":"2023-07-06T07:27:51","guid":{"rendered":"https:\/\/primomoto.es\/smk-retro-ranko-decorated-gloss-helm-ma260\/"},"modified":"2023-10-11T12:31:01","modified_gmt":"2023-10-11T12:31:01","slug":"smk-retro-ranko-decorated-gloss-helm-ma260","status":"publish","type":"product","link":"https:\/\/primomoto.es\/de\/smk-retro-ranko-decorated-gloss-helm-ma260\/","title":{"rendered":"SMK Retro Ranko Integralhelm dekoriert gl\u00e4nzend (MA260)"},"content":{"rendered":"<h2>SMK Retro Ranko Integraler Motorradhelm<\/h2>\n<p>Der SMK Retro kommt nie aus der Mode! Der SMK Retro ist ein Integralhelm f\u00fcr Motorr\u00e4der und Zweir\u00e4der mit zeitlosem Design, kombiniert mit fortschrittlichen sto\u00dfd\u00e4mpfenden Materialien, um dem Fahrer einen hervorragenden Schutz zu bieten. Der Retro kann auch an die individuellen Vorlieben und den Lebensstil jedes Motorrads angepasst werden. Der weiche Wildlederstoff und die Polsterung aus echtem Leder schmiegen sich an das Gesicht des Fahrers und sorgen f\u00fcr ein besonders sattes und angenehmes Tragegef\u00fchl des Helms. Durch die zus\u00e4tzlichen Seitenschilder ist es eine gute Option f\u00fcr die Verwendung mit Sonnenbrillen oder Motorradbrillen.<\/p>\n<p><strong>Wichtigste Funktionen:<\/strong><\/p>\n<ul>\n<li>Au\u00dfenschale aus thermoplastischem Material EIRT (Energy Impact Resistance Thermoplastic).<\/li>\n<li>2 Schalengr\u00f6\u00dfen f\u00fcr eine bessere Passform f\u00fcr jede Gr\u00f6\u00dfe.<\/li>\n<li>Inneres EPS mit mehreren Dichten.<\/li>\n<li>Bel\u00fcftungssystem durch Lufteinl\u00e4sse am Kinnschutz und im oberen Teil f\u00fcr hervorragende Luftzirkulation.<\/li>\n<li>Vollst\u00e4ndig herausnehmbarer und waschbarer antiallergischer Innenraum. Es verf\u00fcgt \u00fcber antistatische Eigenschaften und zeichnet sich durch eine hohe Atmungsaktivit\u00e4t und schnelle Trocknungsf\u00e4higkeit aus.<\/li>\n<li>Klarer Bildschirm mit Anti-Kratz-Behandlung. Es verf\u00fcgt \u00fcber eine UV-Behandlung.<\/li>\n<li>Vorbereitung f\u00fcr die Montage einer Pinlock-Antikondensationsplatte (nicht im Lieferumfang enthalten).<\/li>\n<li>Inklusive Seitenschutz zum Tragen einer Sonnenbrille oder Brille.<\/li>\n<li>Doppelter Schnallenverschluss mit verst\u00e4rktem Riemen.XS<\/li>\n<\/ul>\n","protected":false},"excerpt":{"rendered":"<p>SMK Retro Ranko Integraler Motorradhelm Der SMK Retro kommt nie aus der Mode! Der SMK Retro ist ein Integralhelm f\u00fcr<\/p>\n","protected":false},"featured_media":209427,"template":"","meta":[],"product_brand":[],"product_cat":[1528,1533,1529,1518],"product_tag":[2845],"class_list":{"0":"post-209443","1":"product","2":"type-product","3":"status-publish","4":"has-post-thumbnail","6":"product_cat-motorradhelme","7":"product_cat-integralhelme-mannen","8":"product_cat-heren-motorhelmen","9":"product_cat-motorkleding","10":"product_tag-casco-integral-de","11":"pa_size-l-de","12":"pa_size-m-de","13":"pa_size-s-de","14":"pa_size-xl-de","15":"pa_size-xs-de","17":"first","18":"outofstock","19":"sale","20":"taxable","21":"shipping-taxable","22":"purchasable","23":"product-type-variable","24":"has-default-attributes"},"_links":{"self":[{"href":"https:\/\/primomoto.es\/de\/wp-json\/wp\/v2\/product\/209443","targetHints":{"allow":["GET"]}}],"collection":[{"href":"https:\/\/primomoto.es\/de\/wp-json\/wp\/v2\/product"}],"about":[{"href":"https:\/\/primomoto.es\/de\/wp-json\/wp\/v2\/types\/product"}],"wp:featuredmedia":[{"embeddable":true,"href":"https:\/\/primomoto.es\/de\/wp-json\/wp\/v2\/media\/209427"}],"wp:attachment":[{"href":"https:\/\/primomoto.es\/de\/wp-json\/wp\/v2\/media?parent=209443"}],"wp:term":[{"taxonomy":"product_brand","embeddable":true,"href":"https:\/\/primomoto.es\/de\/wp-json\/wp\/v2\/product_brand?post=209443"},{"taxonomy":"product_cat","embeddable":true,"href":"https:\/\/primomoto.es\/de\/wp-json\/wp\/v2\/product_cat?post=209443"},{"taxonomy":"product_tag","embeddable":true,"href":"https:\/\/primomoto.es\/de\/wp-json\/wp\/v2\/product_tag?post=209443"}],"curies":[{"name":"wp","href":"https:\/\/api.w.org\/{rel}","templated":true}]}}