{"id":183942,"date":"2023-02-21T06:56:36","date_gmt":"2023-02-21T09:13:37","guid":{"rendered":"https:\/\/primomoto.es\/r-tech-traveler-motorfiets-leer-laarzen-zwart\/"},"modified":"2023-09-01T11:09:16","modified_gmt":"2023-09-01T11:09:16","slug":"r-tech-traveler-motorrad-lederstiefel-schwarz","status":"publish","type":"product","link":"https:\/\/primomoto.es\/de\/r-tech-traveler-motorrad-lederstiefel-schwarz\/","title":{"rendered":"R-Tech Traveller Motorrad-Lederstiefel Schwarz"},"content":{"rendered":"<section class=\"product-description-section block-section\">\n<div class=\"rte-content\">\n<h2 style=\"font-weight: 400;\">R-TECH &#8211; Traveler WR Motorrad-Reitstiefel<\/h2>\n<p style=\"font-weight: 400;\">Der R-TECH Traveler WR Motorrad-Reitstiefel bietet kompromisslose Sicherheit. Dieser Stiefel ist mehr als nur ein Schuhwerk &#8211; er ist ein Beweis f\u00fcr \u00fcberragenden Schutz, Funktionalit\u00e4t und Stil. Er wurde speziell f\u00fcr anspruchsvolle Fahrer entwickelt.<\/p>\n<p style=\"font-weight: 400;\"><b><strong>Hauptmerkmale:<\/strong><\/b><\/p>\n<p style=\"font-weight: 400;\"><b><strong>\u00dcberlegener Grip:<\/strong><\/b>\u00a0Erleben Sie 100% rutschfeste Traktion mit unserer robusten Gummisohle, die daf\u00fcr sorgt, dass Sie unter allen Fahrbedingungen einen sicheren Stand haben.<\/p>\n<p style=\"font-weight: 400;\"><b><strong>Sicherer Sitz:<\/strong><\/b>\u00a0Das Klettverschlusssystem sorgt f\u00fcr einen passgenauen und bequemen Sitz, w\u00e4hrend die hochwertigen YKK-Rei\u00dfverschl\u00fcsse ein einfaches Tragen erm\u00f6glichen, ohne Kompromisse bei der Haltbarkeit einzugehen.<\/p>\n<p style=\"font-weight: 400;\"><b><strong>Verbesserte Sicherheitsma\u00dfnahmen:<\/strong><\/b>\u00a0Ausgestattet mit robusten Schnallen, die nicht nur die \u00c4sthetik des Stiefels unterstreichen, sondern auch als zus\u00e4tzliche Sicherheitsma\u00dfnahme dienen.<\/p>\n<p style=\"font-weight: 400;\"><b><strong>Schockabsorbierung:<\/strong><\/b>\u00a0Egal, ob Sie durch die Stadt oder durch schwieriges Gel\u00e4nde fahren, unsere vorderen und hinteren Sto\u00dfd\u00e4mpfer sorgen f\u00fcr maximalen Komfort und minimieren St\u00f6\u00dfe.<\/p>\n<p style=\"font-weight: 400;\"><b><strong>Fortschrittliches Schutzsystem:<\/strong><\/b>\u00a0Dieser Stiefel ist mit einem robusten Zehen- und Fersenschutz ausgestattet, der Ihre F\u00fc\u00dfe vor unvorhergesehenen St\u00f6\u00dfen sch\u00fctzt. Der zus\u00e4tzliche Kn\u00f6chel- und Schienbeinschutz bietet umfassenden Schutz und sorgt daf\u00fcr, dass Sie mit ruhigem Gewissen fahren k\u00f6nnen.<\/p>\n<p style=\"font-weight: 400;\"><b><strong>Wetterfestes Design:<\/strong><\/b>\u00a0Die integrierte Waterproof-Membran sorgt f\u00fcr maximale Wasserdichtigkeit, sodass Sie auch bei nassen Bedingungen problemlos durch die Gegend laufen k\u00f6nnen.<\/p>\n<p style=\"font-weight: 400;\"><b><strong>Hochwertiges Material:<\/strong><\/b>\u00a0Gefertigt aus hochwertigem Mikrofasermaterial, versprechen diese Stiefel Langlebigkeit und anhaltende Spitzenleistung, Fahrt f\u00fcr Fahrt.<\/p>\n<\/div>\n<\/section>\n","protected":false},"excerpt":{"rendered":"<p>R-TECH &#8211; Traveler WR Motorrad-Reitstiefel Der R-TECH Traveler WR Motorrad-Reitstiefel bietet kompromisslose Sicherheit. Dieser Stiefel ist mehr als nur ein<\/p>\n","protected":false},"featured_media":232606,"template":"","meta":[],"product_brand":[],"product_cat":[1520,1518,1519,3258,1523],"product_tag":[1810],"class_list":{"0":"post-183942","1":"product","2":"type-product","3":"status-publish","4":"has-post-thumbnail","6":"product_cat-heren-motorlaarzen","7":"product_cat-motorkleding","8":"product_cat-motorstiefel","9":"product_cat-toeren","10":"product_cat-tourenstiefel-mannen","11":"product_tag-heren-toerlaarzen","12":"pa_size-41-de","13":"pa_size-42-de","14":"pa_size-43-de","15":"pa_size-44-de","16":"pa_size-45-de","17":"pa_size-46-de","18":"pa_size-47-de","20":"first","21":"outofstock","22":"sale","23":"taxable","24":"shipping-taxable","25":"purchasable","26":"product-type-variable","27":"has-default-attributes"},"_links":{"self":[{"href":"https:\/\/primomoto.es\/de\/wp-json\/wp\/v2\/product\/183942","targetHints":{"allow":["GET"]}}],"collection":[{"href":"https:\/\/primomoto.es\/de\/wp-json\/wp\/v2\/product"}],"about":[{"href":"https:\/\/primomoto.es\/de\/wp-json\/wp\/v2\/types\/product"}],"wp:featuredmedia":[{"embeddable":true,"href":"https:\/\/primomoto.es\/de\/wp-json\/wp\/v2\/media\/232606"}],"wp:attachment":[{"href":"https:\/\/primomoto.es\/de\/wp-json\/wp\/v2\/media?parent=183942"}],"wp:term":[{"taxonomy":"product_brand","embeddable":true,"href":"https:\/\/primomoto.es\/de\/wp-json\/wp\/v2\/product_brand?post=183942"},{"taxonomy":"product_cat","embeddable":true,"href":"https:\/\/primomoto.es\/de\/wp-json\/wp\/v2\/product_cat?post=183942"},{"taxonomy":"product_tag","embeddable":true,"href":"https:\/\/primomoto.es\/de\/wp-json\/wp\/v2\/product_tag?post=183942"}],"curies":[{"name":"wp","href":"https:\/\/api.w.org\/{rel}","templated":true}]}}