{"id":131975,"date":"2022-09-20T10:21:33","date_gmt":"2022-09-20T11:31:31","guid":{"rendered":"https:\/\/primomoto.es\/bela-race-pro-r6-motocicleta-carreras-botas-negro\/"},"modified":"2023-04-01T09:08:47","modified_gmt":"2023-04-01T09:08:47","slug":"bela-race-pro-r6-botas-de-carrera-de-moto-negras","status":"publish","type":"product","link":"https:\/\/primomoto.es\/de\/bela-race-pro-r6-botas-de-carrera-de-moto-negras\/","title":{"rendered":"Bela Race Pro R6 Motocicleta Carreras Botas Negro"},"content":{"rendered":"<h4 class=\"section-title\">Descripci\u00f3n<\/h4>\n<div class=\"section-content\">\n<div class=\"product-description \">\n<div class=\"rte-content\">\n<p>Bota de cuero para carreras de motos Bela Race Pro<\/p>\n<p>Bela Race Pro es una de las botas de moto m\u00e1s duraderas, fiables, c\u00f3modas y mejor protegidas. Es una bota de competici\u00f3n de alta gama dise\u00f1ada para el circuito.<\/p>\n<p>Forma parte de la indumentaria del piloto, aportando estilo y protecci\u00f3n al mismo tiempo.<\/p>\n<p>Especificaciones t\u00e9cnicas<\/p>\n<p>\u25cf Parte superior de microfibra.<\/p>\n<p>\u25cf Suela de compuesto de doble densidad especial para competici\u00f3n.<\/p>\n<p>\u25cf Antitorsi\u00f3n con marco antiara\u00f1azos incorporado.<\/p>\n<p>\u25cf Tope de amortiguador trasero para m\u00e1xima seguridad.<\/p>\n<p>\u25cf Deslizador de dedos de acero inoxidable.<\/p>\n<p>\u25cf Protecci\u00f3n agresiva de almohadillas de pl\u00e1stico en el \u00e1rea de cambio de marchas.<\/p>\n<p>\u25cf Protector de pl\u00e1stico moldeado por inyecci\u00f3n.<\/p>\n<p>\u25cf Sistema de admisi\u00f3n de aire.<\/p>\n<p>\u25cf Cierre con velcro y cremallera.<\/p>\n<p>\u25cf Cierre de trinquete con hebilla trasera.<\/p>\n<p>\u25cf Sistema de cierre frontal con cierre a presi\u00f3n.<\/p>\n<p>\u25cf Contrafuerte del tal\u00f3n de pl\u00e1stico de nailon reforzado.<\/p>\n<p>\u25cf Forro de malla para ventilaci\u00f3n.<\/p>\n<p>\u25cf Acolchado de pol\u00edmero extrasuave con viscoel\u00e1stica.<\/p>\n<p>\u25cf Refuerzos de nailon de poliuretano.<\/p>\n<p>\u25cf Entresuela antideslizante.<\/p>\n<p>\u25cf Plantilla antibacteriana reemplazable.<\/p>\n<p>\u25cf Plantilla adicional para un ajuste seguro.<\/p>\n<\/div><\/div><\/div>\n","protected":false},"excerpt":{"rendered":"<p>Descripci\u00f3n Bota de cuero para carreras de motos Bela Race Pro Bela Race Pro es una de las botas de<\/p>\n","protected":false},"featured_media":131892,"template":"","meta":[],"product_brand":[],"product_cat":[230],"product_tag":[4544,603,602],"class_list":{"0":"post-131975","1":"product","2":"type-product","3":"status-publish","4":"has-post-thumbnail","6":"product_cat-ropa-de-moto","7":"product_tag-botas-de-carreras-de-motos","8":"product_tag-botas-de-carreras-hombre","9":"product_tag-botas-de-cuero","10":"pa_size-41-es","11":"pa_size-42-2","12":"pa_size-43-2","13":"pa_size-44-es","14":"pa_size-45-2","16":"first","17":"instock","18":"sale","19":"taxable","20":"shipping-taxable","21":"purchasable","22":"product-type-variable","23":"has-default-attributes"},"_links":{"self":[{"href":"https:\/\/primomoto.es\/de\/wp-json\/wp\/v2\/product\/131975","targetHints":{"allow":["GET"]}}],"collection":[{"href":"https:\/\/primomoto.es\/de\/wp-json\/wp\/v2\/product"}],"about":[{"href":"https:\/\/primomoto.es\/de\/wp-json\/wp\/v2\/types\/product"}],"wp:featuredmedia":[{"embeddable":true,"href":"https:\/\/primomoto.es\/de\/wp-json\/wp\/v2\/media\/131892"}],"wp:attachment":[{"href":"https:\/\/primomoto.es\/de\/wp-json\/wp\/v2\/media?parent=131975"}],"wp:term":[{"taxonomy":"product_brand","embeddable":true,"href":"https:\/\/primomoto.es\/de\/wp-json\/wp\/v2\/product_brand?post=131975"},{"taxonomy":"product_cat","embeddable":true,"href":"https:\/\/primomoto.es\/de\/wp-json\/wp\/v2\/product_cat?post=131975"},{"taxonomy":"product_tag","embeddable":true,"href":"https:\/\/primomoto.es\/de\/wp-json\/wp\/v2\/product_tag?post=131975"}],"curies":[{"name":"wp","href":"https:\/\/api.w.org\/{rel}","templated":true}]}}