{"id":131868,"date":"2022-09-20T07:40:46","date_gmt":"2022-09-20T08:27:03","guid":{"rendered":"https:\/\/primomoto.es\/bela-race-pro-r6-motorfiets-racen-laarzen-zwart-wit\/"},"modified":"2023-09-01T10:06:05","modified_gmt":"2023-09-01T10:06:05","slug":"bela-race-pro-r6-motorrad-rennstiefel-schwarz-weiss","status":"publish","type":"product","link":"https:\/\/primomoto.es\/de\/bela-race-pro-r6-motorrad-rennstiefel-schwarz-weiss\/","title":{"rendered":"Bela Race Pro R6 Motorrad-Rennstiefel Schwarz\/Wei\u00df"},"content":{"rendered":"<h2>Bela Race Pro R6 Motorrad-Rennstiefel<\/h2>\n<p><strong>Beschreibung<\/strong><\/p>\n<p>Bela Race Pro Motorrad-Rennstiefel aus Leder<\/p>\n<p>Bela Race Pro ist einer der langlebigsten, zuverl\u00e4ssigsten, bequemsten und am besten gesch\u00fctzten Motorradstiefel. Es handelt sich um einen High-End-Wettkampfschuh, der f\u00fcr die Leichtathletik entwickelt wurde.<\/p>\n<p>Es ist Teil der Pilotenbekleidung und verleiht gleichzeitig Stil und Schutz.<\/p>\n<p><strong>Technische Spezifikationen<\/strong><\/p>\n<ul>\n<li>Obermaterial aus Mikrofaser.<\/li>\n<li>Spezielle Dual-Density-Compound-Sohle f\u00fcr den Wettkampf.<\/li>\n<li>Verdrehsicher mit integriertem Kratzschutzrahmen.<\/li>\n<li>Sto\u00dfd\u00e4mpferstopper hinten f\u00fcr maximale Sicherheit.<\/li>\n<li>Fingerschieber aus Edelstahl.<\/li>\n<li>Aggressiver Kunststoffpolsterschutz im Schaltbereich.<\/li>\n<li>Schutzh\u00fclle aus spritzgegossenem Kunststoff.<\/li>\n<li>Lufteinlasssystem.<\/li>\n<li>Klettverschluss und Rei\u00dfverschluss.<\/li>\n<li>Ratschenverschluss mit Schnalle hinten.<\/li>\n<li>Schnappverschlusssystem vorne.<\/li>\n<li>Verst\u00e4rkte Fersenkappe aus Nylon-Kunststoff.<\/li>\n<li>Mesh-Futter zur Bel\u00fcftung.<\/li>\n<li>Extra weiche Polymerf\u00fcllung mit Memory-Schaum.<\/li>\n<li>Verst\u00e4rkungen aus Polyurethan-Nylon.<\/li>\n<li>Rutschfeste Zwischensohle.<\/li>\n<li>Austauschbare antibakterielle Einlegesohle.<\/li>\n<li>Extra Fu\u00dfbett f\u00fcr gute Passform<\/li>\n<\/ul>\n","protected":false},"excerpt":{"rendered":"<p>Bela Race Pro R6 Motorrad-Rennstiefel Beschreibung Bela Race Pro Motorrad-Rennstiefel aus Leder Bela Race Pro ist einer der langlebigsten, zuverl\u00e4ssigsten,<\/p>\n","protected":false},"featured_media":131790,"template":"","meta":[],"product_brand":[],"product_cat":[1520,1518,3268,1522,1519],"product_tag":[1809,4547,1822],"class_list":{"0":"post-131868","1":"product","2":"type-product","3":"status-publish","4":"has-post-thumbnail","6":"product_cat-heren-motorlaarzen","7":"product_cat-motorkleding","8":"product_cat-racen","9":"product_cat-rennstiefel-mannen","10":"product_cat-motorstiefel","11":"product_tag-leren-laarzen","12":"product_tag-motor-race-laarzen","13":"product_tag-racelaarzen-voor-heren","14":"pa_size-41-de","15":"pa_size-42-de","16":"pa_size-43-de","17":"pa_size-44-de","18":"pa_size-45-de","20":"first","21":"outofstock","22":"sale","23":"taxable","24":"shipping-taxable","25":"purchasable","26":"product-type-variable","27":"has-default-attributes"},"_links":{"self":[{"href":"https:\/\/primomoto.es\/de\/wp-json\/wp\/v2\/product\/131868","targetHints":{"allow":["GET"]}}],"collection":[{"href":"https:\/\/primomoto.es\/de\/wp-json\/wp\/v2\/product"}],"about":[{"href":"https:\/\/primomoto.es\/de\/wp-json\/wp\/v2\/types\/product"}],"wp:featuredmedia":[{"embeddable":true,"href":"https:\/\/primomoto.es\/de\/wp-json\/wp\/v2\/media\/131790"}],"wp:attachment":[{"href":"https:\/\/primomoto.es\/de\/wp-json\/wp\/v2\/media?parent=131868"}],"wp:term":[{"taxonomy":"product_brand","embeddable":true,"href":"https:\/\/primomoto.es\/de\/wp-json\/wp\/v2\/product_brand?post=131868"},{"taxonomy":"product_cat","embeddable":true,"href":"https:\/\/primomoto.es\/de\/wp-json\/wp\/v2\/product_cat?post=131868"},{"taxonomy":"product_tag","embeddable":true,"href":"https:\/\/primomoto.es\/de\/wp-json\/wp\/v2\/product_tag?post=131868"}],"curies":[{"name":"wp","href":"https:\/\/api.w.org\/{rel}","templated":true}]}}