{"id":121803,"date":"2022-07-26T07:49:40","date_gmt":"2022-07-26T08:03:26","guid":{"rendered":"https:\/\/primomoto.es\/r-tech-tracker-wp-regenen-hijgen-zwart-geel-fluor\/"},"modified":"2023-10-05T14:53:19","modified_gmt":"2023-10-05T14:53:19","slug":"r-tech-tracker-wp-regenbroek-zwart-geel-fluor","status":"publish","type":"product","link":"https:\/\/primomoto.es\/de\/r-tech-tracker-wp-regenbroek-zwart-geel-fluor\/","title":{"rendered":"R-Tech Tracker Rain WP Hose Schwarz\/Gelb Fluor"},"content":{"rendered":"<h2>R-Tech Tracker Rain WP Textilhose<\/h2>\n<ul>\n<li>Ultraleicht gebaut,<\/li>\n<li>100 % wasserdichtes PU-beschichtetes Poly-Nylon-Gewebe, das speziell behandelt wurde, um ein Anhaften bei der Verwendung \u00fcber Textil- oder Lederbekleidung zu verhindern.<\/li>\n<li>Alle N\u00e4hte versiegelt f\u00fcr garantierte Wasserdichtigkeit<\/li>\n<li>Leichtes Polyethylen-Mesh-Futter verbessert die interne Luftzirkulation und den Komfort<br \/>\nDer Hauptrei\u00dfverschluss reicht vom Oberschenkel bis zur Brust und erleichtert das An- und Ausziehen<\/li>\n<li>Reflektierende Details verbessern die Sichtbarkeit des Radfahrers bei widrigen Wetterbedingungen<\/li>\n<li>Der Zwickel mit Rei\u00dfverschluss an der Unterseite des Beins sorgt daf\u00fcr, dass die Hose bequem \u00fcber alle Reitstiefel passt<\/li>\n<\/ul>\n","protected":false},"excerpt":{"rendered":"<p>R-Tech Tracker Rain WP Textilhose Ultraleicht gebaut, 100 % wasserdichtes PU-beschichtetes Poly-Nylon-Gewebe, das speziell behandelt wurde, um ein Anhaften bei<\/p>\n","protected":false},"featured_media":121747,"template":"","meta":[],"product_brand":[],"product_cat":[1566,1567,1518,3266,1569,3258],"product_tag":[1798,4360],"class_list":{"0":"post-121803","1":"product","2":"type-product","3":"status-publish","4":"has-post-thumbnail","6":"product_cat-motorbroek","7":"product_cat-heren-motorbroeken","8":"product_cat-motorkleding","9":"product_cat-straat","10":"product_cat-textilhosen-mannen","11":"product_cat-toeren","12":"product_tag-touring-broek","13":"product_tag-waterdichte-broek","14":"pa_size-2xl-de","15":"pa_size-3xl-de","16":"pa_size-4xl-de","17":"pa_size-l-de","18":"pa_size-m-de","19":"pa_size-s-de","20":"pa_size-xl-de","21":"pa_size-xs-de","23":"first","24":"outofstock","25":"sale","26":"taxable","27":"shipping-taxable","28":"purchasable","29":"product-type-variable","30":"has-default-attributes"},"_links":{"self":[{"href":"https:\/\/primomoto.es\/de\/wp-json\/wp\/v2\/product\/121803","targetHints":{"allow":["GET"]}}],"collection":[{"href":"https:\/\/primomoto.es\/de\/wp-json\/wp\/v2\/product"}],"about":[{"href":"https:\/\/primomoto.es\/de\/wp-json\/wp\/v2\/types\/product"}],"wp:featuredmedia":[{"embeddable":true,"href":"https:\/\/primomoto.es\/de\/wp-json\/wp\/v2\/media\/121747"}],"wp:attachment":[{"href":"https:\/\/primomoto.es\/de\/wp-json\/wp\/v2\/media?parent=121803"}],"wp:term":[{"taxonomy":"product_brand","embeddable":true,"href":"https:\/\/primomoto.es\/de\/wp-json\/wp\/v2\/product_brand?post=121803"},{"taxonomy":"product_cat","embeddable":true,"href":"https:\/\/primomoto.es\/de\/wp-json\/wp\/v2\/product_cat?post=121803"},{"taxonomy":"product_tag","embeddable":true,"href":"https:\/\/primomoto.es\/de\/wp-json\/wp\/v2\/product_tag?post=121803"}],"curies":[{"name":"wp","href":"https:\/\/api.w.org\/{rel}","templated":true}]}}