{"id":119322,"date":"2022-06-21T10:26:21","date_gmt":"2022-06-21T11:50:31","guid":{"rendered":"https:\/\/primomoto.es\/bela-rocker-mannen-jeans-zwart\/"},"modified":"2023-10-07T09:04:26","modified_gmt":"2023-10-07T09:04:26","slug":"bela-rocker-men-motorradjeans-schwarz","status":"publish","type":"product","link":"https:\/\/primomoto.es\/de\/bela-rocker-men-motorradjeans-schwarz\/","title":{"rendered":"Bela Rocker Men Motorradjeans Schwarz"},"content":{"rendered":"<h2>Bela Rocker Herren Motorradjeans<\/h2>\n<p><strong>Produktinformation:<\/strong><\/p>\n<p>Die dunkelblaue Herren-Motorradjeans von Rocker ist Teil der neuesten Bela Jeans Brand Collection. Der Jeansstil von Rocker Men besteht aus bestem Baumwoll- und Elasthan-Stoff. Dar\u00fcber hinaus sorgen die zus\u00e4tzlichen DuPont Aramid-Gewebeverst\u00e4rkungen f\u00fcr eine hervorragende Abriebfestigkeit, ohne den Komfort und die Elastizit\u00e4t zu beeintr\u00e4chtigen. Die CE-zugelassenen Knie- und Oberschenkelprotektoren \u201eEN 1621-1: 2012\u201c sind beim Reiten \/ Gehen schwer zu erkennen, bieten jedoch den besten Schutz bei ungl\u00fccklichen Pannen w\u00e4hrend der Fahrt &#8230;<\/p>\n<p><strong>Schalenstoff:<\/strong><\/p>\n<ul>\n<li>12,5 Unzen Stretch Denim<\/li>\n<li>Hergestellt aus 99% Baumwolle und 1% Elasthan (Comfort Stretch)<\/li>\n<li>Dunkelblau mit zuf\u00e4lligem Spr\u00fcheffekt<\/li>\n<\/ul>\n<p><strong>Schutz:<\/strong><\/p>\n<ul>\n<li>Abnehmbarer Schutz an Knien und Oberschenkel mit Zertifizierung CE EN 1621-1: 2012.<\/li>\n<li>Der Schutz kann leicht entfernt werden, indem einfach der seitliche Knierei\u00dfverschluss ge\u00f6ffnet wird.<\/li>\n<\/ul>\n<p><strong>Komfort:<\/strong><\/p>\n<ul>\n<li>Innenfutter aus DuPont Aramid-Gewebe, das gezielt platziert wurde, um eine hervorragende Abriebfestigkeit und Best\u00e4ndigkeit zu gew\u00e4hrleisten.<\/li>\n<li>Innenfutter aus 100% Polyester-Mesh f\u00fcr verbesserte Atmungsaktivit\u00e4t und Komfort.<\/li>\n<li>Beste Passform im regul\u00e4ren Schnitt.<\/li>\n<li>YKK\u00ae Rei\u00dfverschl\u00fcsse (Fly &amp; Knee Bereich)<\/li>\n<li>Mit zus\u00e4tzlicher Protector Bag.<\/li>\n<\/ul>\n","protected":false},"excerpt":{"rendered":"<p>Bela Rocker Herren Motorradjeans Produktinformation: Die dunkelblaue Herren-Motorradjeans von Rocker ist Teil der neuesten Bela Jeans Brand Collection. Der Jeansstil<\/p>\n","protected":false},"featured_media":119301,"template":"","meta":[],"product_brand":[],"product_cat":[1518],"product_tag":[4275,3758],"class_list":{"0":"post-119322","1":"product","2":"type-product","3":"status-publish","4":"has-post-thumbnail","6":"product_cat-motorkleding","7":"product_tag-herenjeans","8":"product_tag-spijkerbroek","9":"pa_size-28-de","10":"pa_size-30-de","11":"pa_size-32-de","12":"pa_size-34-de","13":"pa_size-36-de","14":"pa_size-38-de","15":"pa_size-40-de","16":"pa_size-42-de","18":"first","19":"instock","20":"sale","21":"taxable","22":"shipping-taxable","23":"purchasable","24":"product-type-variable","25":"has-default-attributes"},"_links":{"self":[{"href":"https:\/\/primomoto.es\/de\/wp-json\/wp\/v2\/product\/119322","targetHints":{"allow":["GET"]}}],"collection":[{"href":"https:\/\/primomoto.es\/de\/wp-json\/wp\/v2\/product"}],"about":[{"href":"https:\/\/primomoto.es\/de\/wp-json\/wp\/v2\/types\/product"}],"wp:featuredmedia":[{"embeddable":true,"href":"https:\/\/primomoto.es\/de\/wp-json\/wp\/v2\/media\/119301"}],"wp:attachment":[{"href":"https:\/\/primomoto.es\/de\/wp-json\/wp\/v2\/media?parent=119322"}],"wp:term":[{"taxonomy":"product_brand","embeddable":true,"href":"https:\/\/primomoto.es\/de\/wp-json\/wp\/v2\/product_brand?post=119322"},{"taxonomy":"product_cat","embeddable":true,"href":"https:\/\/primomoto.es\/de\/wp-json\/wp\/v2\/product_cat?post=119322"},{"taxonomy":"product_tag","embeddable":true,"href":"https:\/\/primomoto.es\/de\/wp-json\/wp\/v2\/product_tag?post=119322"}],"curies":[{"name":"wp","href":"https:\/\/api.w.org\/{rel}","templated":true}]}}