{"id":106744,"date":"2022-05-16T05:41:43","date_gmt":"2022-05-16T05:47:13","guid":{"rendered":"https:\/\/primomoto.es\/bela-watson-hijgen-voor-mannen-zwart-khaki-gele-fluor\/"},"modified":"2023-10-05T14:33:04","modified_gmt":"2023-10-05T14:33:04","slug":"bela-watson-broek-voor-mannen-zwart-kaki-geel-fluor","status":"publish","type":"product","link":"https:\/\/primomoto.es\/de\/bela-watson-broek-voor-mannen-zwart-kaki-geel-fluor\/","title":{"rendered":"Bela Watson Motorrad Touring Hose Zwart\/Khaki\/Gele Fluor"},"content":{"rendered":"<h2>Bela Watson\u00a0Motorrad Touring Hose f\u00fcr Herren<\/h2>\n<p><strong>Technische Spezifikationen:<\/strong><\/p>\n<ul>\n<li>Fortschrittliche wasserdichte und atmungsaktive Textilkonstruktion aus Polyester 600D<\/li>\n<li>DVS-Lufteinl\u00e4sse mit Rei\u00dfverschluss und hintere Auslass\u00f6ffnungen<\/li>\n<li>Interner Aufprallschutz durch abnehmbare Schutzvorrichtungen<\/li>\n<li>Taschen f\u00fcr optionalen Schutz<\/li>\n<li>Reflektierende grafische Details und Logos verbessern die Sichtbarkeit des Fahrers bei unterschiedlichen Lichtverh\u00e4ltnissen<\/li>\n<li>Wasserdichte Cargotaschen vorne f\u00fcr Komfort und Sicherheit beim Schlie\u00dfen<\/li>\n<li>Gro\u00dfe externe Utility-Tasche am unteren R\u00fccken sowie wasserdichte Innentaschen und Brieftasche<\/li>\n<li>Premium-Rei\u00dfverschluss mit Schiebereglern f\u00fcr den Hauptverschluss vorne bietet anpassungsf\u00e4higen und sicheren Komfort<\/li>\n<li>Externe Rei\u00dfverschlusstaschen f\u00fcr eine sichere Aufbewahrung<\/li>\n<li>Eine perfekte Kombination aus drei Schichten f\u00fcr Langstreckenfahrten.<\/li>\n<\/ul>\n","protected":false},"excerpt":{"rendered":"<p>Bela Watson\u00a0Motorrad Touring Hose f\u00fcr Herren Technische Spezifikationen: Fortschrittliche wasserdichte und atmungsaktive Textilkonstruktion aus Polyester 600D DVS-Lufteinl\u00e4sse mit Rei\u00dfverschluss und<\/p>\n","protected":false},"featured_media":106717,"template":"","meta":[],"product_brand":[],"product_cat":[1566,1567,1518,1569,3258],"product_tag":[1783,1798],"class_list":{"0":"post-106744","1":"product","2":"type-product","3":"status-publish","4":"has-post-thumbnail","6":"product_cat-motorbroek","7":"product_cat-heren-motorbroeken","8":"product_cat-motorkleding","9":"product_cat-textilhosen-mannen","10":"product_cat-toeren","11":"product_tag-textiel-heren-broek","12":"product_tag-touring-broek","13":"pa_size-50-m-de-2","14":"pa_size-52-l-de-2","15":"pa_size-54-xl-de-2","16":"pa_size-56-2xl-de-2","17":"pa_size-58-3xl-de-2","18":"pa_size-60-4xl-de","20":"first","21":"outofstock","22":"sale","23":"taxable","24":"shipping-taxable","25":"purchasable","26":"product-type-variable"},"_links":{"self":[{"href":"https:\/\/primomoto.es\/de\/wp-json\/wp\/v2\/product\/106744","targetHints":{"allow":["GET"]}}],"collection":[{"href":"https:\/\/primomoto.es\/de\/wp-json\/wp\/v2\/product"}],"about":[{"href":"https:\/\/primomoto.es\/de\/wp-json\/wp\/v2\/types\/product"}],"wp:featuredmedia":[{"embeddable":true,"href":"https:\/\/primomoto.es\/de\/wp-json\/wp\/v2\/media\/106717"}],"wp:attachment":[{"href":"https:\/\/primomoto.es\/de\/wp-json\/wp\/v2\/media?parent=106744"}],"wp:term":[{"taxonomy":"product_brand","embeddable":true,"href":"https:\/\/primomoto.es\/de\/wp-json\/wp\/v2\/product_brand?post=106744"},{"taxonomy":"product_cat","embeddable":true,"href":"https:\/\/primomoto.es\/de\/wp-json\/wp\/v2\/product_cat?post=106744"},{"taxonomy":"product_tag","embeddable":true,"href":"https:\/\/primomoto.es\/de\/wp-json\/wp\/v2\/product_tag?post=106744"}],"curies":[{"name":"wp","href":"https:\/\/api.w.org\/{rel}","templated":true}]}}