{"id":104457,"date":"2022-04-01T07:40:29","date_gmt":"2022-04-01T07:51:44","guid":{"rendered":"https:\/\/primomoto.es\/bela-rio-dames-motorfiets-denim-jeans-zwart\/"},"modified":"2023-10-06T11:07:50","modified_gmt":"2023-10-06T11:07:50","slug":"bela-rio-damen-motorradjeans-schwarz","status":"publish","type":"product","link":"https:\/\/primomoto.es\/de\/bela-rio-damen-motorradjeans-schwarz\/","title":{"rendered":"Bela Rio Lady Denim Jeans Schwarz"},"content":{"rendered":"<h2><strong>Bela Rio Damen-Motorradjeans<br \/>\n<\/strong><\/h2>\n<p><strong>Produktinformation:<\/strong><\/p>\n<p>Die Herren-Motorradjeans \u201eRio\u201c ist Teil der neuesten Seamless-Kollektion der Jeansmarke Bela. Der Jeansstil von Rio Men besteht aus feinstem Baumwoll- und Elastanstoff. Dar\u00fcber hinaus sorgen zus\u00e4tzliche strategisch platzierte Aramidgewebeverst\u00e4rkungen von DuPont f\u00fcr hervorragende Abriebfestigkeit, ohne den guten Komfort und die Dehnbarkeit zu beeintr\u00e4chtigen. Nach CE \u201eEN 1621-1:2012\u201c zugelassene Knie- und Oberschenkelprotektoren sind beim Autofahren\/Gehen schwer zu erkennen, bieten aber den besten Schutz bei ungl\u00fccklichen Unf\u00e4llen w\u00e4hrend der Fahrt.<\/p>\n<p><strong>Au\u00dfenmaterial:<\/strong><\/p>\n<ul>\n<li>11oz Stretch-Denim<\/li>\n<li>Hergestellt aus 98 % Baumwolle und 2 % Elasthan.<\/li>\n<li>Schwarz<\/li>\n<\/ul>\n<p><strong>Schutzma\u00dfnahmen:<\/strong><\/p>\n<ul>\n<li>Abnehmbarer Schutz an Knien und Oberschenkeln mit CE EN 1621-1: 2012-Zertifizierung.<\/li>\n<li>Die Knieschoner sind dank zus\u00e4tzlichem Klettverschluss oben und unten verstellbar.<\/li>\n<li>Durch einfaches \u00d6ffnen der seitlichen Rei\u00dfverschl\u00fcsse an den Knien l\u00e4sst sich der Schutz leicht abnehmen.<\/li>\n<\/ul>\n<p><strong>Komfort:<\/strong><\/p>\n<ul>\n<li>Innenfutter aus DuPont Aramid-Gewebe, das gezielt so platziert ist, dass es eine hervorragende Abriebfestigkeit bietet.<\/li>\n<li>Innenfutter aus 100 % Polyester-Mesh f\u00fcr Atmungsaktivit\u00e4t und Komfort.<\/li>\n<li>Passt besser mit einem normalen Schnitt.<\/li>\n<li>YKK\u00ae-Rei\u00dfverschl\u00fcsse (Hosenschlitz und Kniebereich)<\/li>\n<li>Mit zus\u00e4tzlicher Schutzh\u00fclle.<\/li>\n<\/ul>\n<p><strong>\u00a0<\/strong><\/p>\n","protected":false},"excerpt":{"rendered":"<p>Bela Rio Damen-Motorradjeans Produktinformation: Die Herren-Motorradjeans \u201eRio\u201c ist Teil der neuesten Seamless-Kollektion der Jeansmarke Bela. Der Jeansstil von Rio Men<\/p>\n","protected":false},"featured_media":104427,"template":"","meta":[],"product_brand":[],"product_cat":[1764,1751,1763,1518,3266,3258],"product_tag":[3823,3821,3822],"class_list":{"0":"post-104457","1":"product","2":"type-product","3":"status-publish","4":"has-post-thumbnail","6":"product_cat-jeans-de","7":"product_cat-motordenim","8":"product_cat-vrouw","9":"product_cat-motorkleding","10":"product_cat-straat","11":"product_cat-toeren","12":"product_tag-dames-blauwe-spijkerbroek","13":"product_tag-dames-denim-jeans","14":"product_tag-dames-motorjeans","15":"pa_size-28-de","16":"pa_size-30-de","17":"pa_size-32-de","18":"pa_size-34-de","19":"pa_size-36-de","21":"first","22":"outofstock","23":"sale","24":"taxable","25":"shipping-taxable","26":"purchasable","27":"product-type-variable","28":"has-default-attributes"},"_links":{"self":[{"href":"https:\/\/primomoto.es\/de\/wp-json\/wp\/v2\/product\/104457","targetHints":{"allow":["GET"]}}],"collection":[{"href":"https:\/\/primomoto.es\/de\/wp-json\/wp\/v2\/product"}],"about":[{"href":"https:\/\/primomoto.es\/de\/wp-json\/wp\/v2\/types\/product"}],"wp:featuredmedia":[{"embeddable":true,"href":"https:\/\/primomoto.es\/de\/wp-json\/wp\/v2\/media\/104427"}],"wp:attachment":[{"href":"https:\/\/primomoto.es\/de\/wp-json\/wp\/v2\/media?parent=104457"}],"wp:term":[{"taxonomy":"product_brand","embeddable":true,"href":"https:\/\/primomoto.es\/de\/wp-json\/wp\/v2\/product_brand?post=104457"},{"taxonomy":"product_cat","embeddable":true,"href":"https:\/\/primomoto.es\/de\/wp-json\/wp\/v2\/product_cat?post=104457"},{"taxonomy":"product_tag","embeddable":true,"href":"https:\/\/primomoto.es\/de\/wp-json\/wp\/v2\/product_tag?post=104457"}],"curies":[{"name":"wp","href":"https:\/\/api.w.org\/{rel}","templated":true}]}}